{"id":399,"date":"2020-06-22T19:59:48","date_gmt":"2020-06-22T19:59:48","guid":{"rendered":"https:\/\/avadawebsites.wpengine.com\/marketing-consultant\/?page_id=399"},"modified":"2024-08-15T23:47:05","modified_gmt":"2024-08-15T23:47:05","slug":"why-us","status":"publish","type":"page","link":"https:\/\/www.youreducationadviser.co.uk\/ro\/why-us\/","title":{"rendered":"De Ce Noi"},"content":{"rendered":"<div class=\"fusion-fullwidth fullwidth-box fusion-builder-row-1 fusion-flex-container nonhundred-percent-fullwidth non-hundred-percent-height-scrolling\" style=\"--awb-border-radius-top-left:0px;--awb-border-radius-top-right:0px;--awb-border-radius-bottom-right:0px;--awb-border-radius-bottom-left:0px;--awb-padding-top:24px;--awb-padding-bottom:60px;--awb-padding-top-medium:40px;--awb-padding-bottom-medium:40px;--awb-padding-top-small:12px;--awb-flex-wrap:wrap;\" ><div class=\"fusion-builder-row fusion-row fusion-flex-align-items-center fusion-flex-content-wrap\" style=\"max-width:1372.8px;margin-left: calc(-4% \/ 2 );margin-right: calc(-4% \/ 2 );\"><div class=\"fusion-layout-column fusion_builder_column fusion-builder-column-0 fusion_builder_column_3_5 3_5 fusion-flex-column fusion-animated\" style=\"--awb-padding-top:400px;--awb-padding-top-medium:360px;--awb-padding-right-small:0px;--awb-padding-left-small:0px;--awb-overflow:hidden;--awb-bg-position:center top;--awb-bg-size:cover;--awb-box-shadow:30px 30px 0px 0px rgba(0,0,0,0.16);;--awb-border-radius:15px 15px 15px 15px;--awb-width-large:60%;--awb-margin-top-large:20px;--awb-spacing-right-large:16%;--awb-margin-bottom-large:20px;--awb-spacing-left-large:3.2%;--awb-width-medium:50%;--awb-order-medium:0;--awb-spacing-right-medium:3.84%;--awb-spacing-left-medium:3.84%;--awb-width-small:100%;--awb-order-small:0;--awb-spacing-right-small:4.704%;--awb-spacing-left-small:0%;\" data-animationtype=\"fadeInRight\" data-animationduration=\"1.6\" data-animationoffset=\"top-into-view\"><div class=\"awb-column__background-slider\" ><div class=\"awb-background-slider\" data-type=\"column\" data-loop=\"yes\" data-animation=\"fade\" data-slideshow-speed=\"5000\" data-animation-speed=\"800\" data-direction=\"up\" style=\"--awb-image-position:51% 41%;\"><div class=\"swiper-wrapper\"><div class=\"swiper-slide\"><img decoding=\"async\" width=\"934\" height=\"1402\" src=\"https:\/\/www.youreducationadviser.co.uk\/wp-content\/uploads\/2024\/07\/DSC03898_20.jpg\" class=\"awb-background-slider__image lazyload\" alt=\"\" srcset=\"data:image\/svg+xml,%3Csvg%20xmlns%3D%27http%3A%2F%2Fwww.w3.org%2F2000%2Fsvg%27%20width%3D%27934%27%20height%3D%271402%27%20viewBox%3D%270%200%20934%201402%27%3E%3Crect%20width%3D%27934%27%20height%3D%271402%27%20fill-opacity%3D%220%22%2F%3E%3C%2Fsvg%3E\" data-orig-src=\"https:\/\/www.youreducationadviser.co.uk\/wp-content\/uploads\/2024\/07\/DSC03898_20.jpg\" data-srcset=\"https:\/\/www.youreducationadviser.co.uk\/wp-content\/uploads\/2024\/07\/DSC03898_20-200x300.jpg 200w, https:\/\/www.youreducationadviser.co.uk\/wp-content\/uploads\/2024\/07\/DSC03898_20-400x600.jpg 400w, https:\/\/www.youreducationadviser.co.uk\/wp-content\/uploads\/2024\/07\/DSC03898_20-600x901.jpg 600w, https:\/\/www.youreducationadviser.co.uk\/wp-content\/uploads\/2024\/07\/DSC03898_20-682x1024.jpg 682w, https:\/\/www.youreducationadviser.co.uk\/wp-content\/uploads\/2024\/07\/DSC03898_20-768x1153.jpg 768w, https:\/\/www.youreducationadviser.co.uk\/wp-content\/uploads\/2024\/07\/DSC03898_20-800x1201.jpg 800w, https:\/\/www.youreducationadviser.co.uk\/wp-content\/uploads\/2024\/07\/DSC03898_20.jpg 934w\" data-sizes=\"auto\" \/><\/div><\/div><\/div><\/div><div class=\"fusion-column-wrapper fusion-column-has-shadow fusion-flex-justify-content-space-between fusion-content-layout-column\"><div class=\"awb-column__content\"><div class=\"fusion-builder-row fusion-builder-row-inner fusion-row fusion-flex-align-items-center fusion-flex-content-wrap\" style=\"width:104% !important;max-width:104% !important;margin-left: calc(-4% \/ 2 );margin-right: calc(-4% \/ 2 );\"><div class=\"fusion-layout-column fusion_builder_column_inner fusion-builder-nested-column-0 fusion_builder_column_inner_3_5 3_5 fusion-flex-column\" style=\"--awb-padding-top:22px;--awb-padding-right:17px;--awb-padding-left:30px;--awb-overflow:hidden;--awb-bg-color:rgba(146,164,165,0.53);--awb-bg-color-hover:rgba(146,164,165,0.53);--awb-bg-size:cover;--awb-box-shadow:44px 44px 50px -37px #000000;;--awb-border-color:rgba(0,0,0,0.56);--awb-border-top:2px;--awb-border-right:2px;--awb-border-bottom:2px;--awb-border-left:2px;--awb-border-style:solid;--awb-border-radius:15px 15px 15px 0px;--awb-width-large:60%;--awb-margin-top-large:0px;--awb-spacing-right-large:22.72%;--awb-margin-bottom-large:0px;--awb-spacing-left-large:2.4%;--awb-width-medium:75%;--awb-order-medium:0;--awb-spacing-right-medium:18.176%;--awb-spacing-left-medium:1.92%;--awb-width-small:75%;--awb-order-small:0;--awb-spacing-right-small:18.176%;--awb-spacing-left-small:1.92%;\"><div class=\"fusion-column-wrapper fusion-column-has-shadow fusion-flex-justify-content-center fusion-content-layout-column\"><div class=\"fusion-text fusion-text-1\" style=\"--awb-content-alignment:left;--awb-line-height:30px;\"><p id=\"tw-target-text\" class=\"tw-data-text tw-text-large tw-ta\" dir=\"ltr\" data-placeholder=\"Translation\" aria-label=\"Translated text\" data-ved=\"2ahUKEwi1nbmG-dqHAxUfWUEAHdf7LPYQ3ewLegQICxAT\"><span class=\"Y2IQFc\" lang=\"en\" style=\"font-size: 17px; line-height: 19px;\" data-fusion-font=\"true\"><span style=\"font-size: 23px; color: var(--awb-color6);\" data-fusion-font=\"true\">Educa\u021bia este cheia care poate deschide u\u0219a c\u0103tre un viitor mai bun. <\/span><br \/>\n<\/span><\/p>\n<\/div><div class=\"fusion-title title fusion-title-1 fusion-sep-none fusion-title-text fusion-title-size-six\" style=\"--awb-text-color:var(--awb-color6);--awb-margin-top:0px;--awb-margin-bottom:4px;--awb-margin-top-small:4px;--awb-margin-bottom-small:0px;--awb-margin-top-medium:4px;--awb-margin-bottom-medium:0px;\"><h6 class=\"fusion-title-heading title-heading-left fusion-responsive-typography-calculated\" style=\"margin:0;--fontSize:20;--minFontSize:20;line-height:1.5;\">Alin Cristian Salca<\/h6><\/div><div class=\"fusion-text fusion-text-2\" style=\"--awb-content-alignment:left;--awb-font-size:14px;--awb-line-height:24px;\"><p style=\"color: var(--awb-color6);\">Your Education Advisor<\/p>\n<\/div><\/div><\/div><\/div><\/div><\/div><\/div><div class=\"fusion-layout-column fusion_builder_column fusion-builder-column-1 fusion_builder_column_2_5 2_5 fusion-flex-column fusion-animated\" style=\"--awb-bg-size:cover;--awb-width-large:40%;--awb-margin-top-large:20px;--awb-spacing-right-large:4.32%;--awb-margin-bottom-large:20px;--awb-spacing-left-large:4.8%;--awb-width-medium:50%;--awb-order-medium:0;--awb-spacing-right-medium:0%;--awb-spacing-left-medium:3.84%;--awb-width-small:100%;--awb-margin-top-small:10px;--awb-spacing-right-small:1.92%;--awb-spacing-left-small:1.92%;\" data-animationtype=\"fadeInRight\" data-animationduration=\"1.6\" data-animationoffset=\"top-into-view\"><div class=\"fusion-column-wrapper fusion-column-has-shadow fusion-flex-justify-content-flex-start fusion-content-layout-column\"><div class=\"fusion-title title fusion-title-2 fusion-sep-none fusion-title-text fusion-title-size-one\" style=\"--awb-margin-top:6px;--awb-font-size:64px;\"><h1 class=\"fusion-title-heading title-heading-left fusion-responsive-typography-calculated\" style=\"margin:0;font-size:1em;--fontSize:64;line-height:var(--awb-typography1-line-height);\">Vrem S\u0103 Reu\u0219e\u0219ti<\/h1><\/div><div class=\"fusion-text fusion-text-3\" style=\"--awb-content-alignment:left;--awb-font-size:30px;--awb-line-height:1.4em;--awb-letter-spacing:-0.02em;\"><p style=\"font-size: 23px; line-height: 28px; letter-spacing: 1.8px;\" data-fusion-font=\"true\">Alege-m\u0103 ca si consilierul tau educa\u021bional pentru expertiz\u0103 de neegalat \u0219i rezultate dovedite. Cu peste patru ani de experien\u021b\u0103 dedicat\u0103 \u00een industria educa\u021biei \u0219i un istoric de succes \u00een a ajuta peste 2000 de persoane s\u0103 ob\u021bin\u0103 admiterea la universit\u0103\u021bi din Marea Britanie, cuno\u0219tin\u021bele noastre f\u0103r\u0103 egal \u0219i abordarea personalizat\u0103 asigur\u0103 o rat\u0103 de admitere de peste 90%. \u00cencredin\u021beaz\u0103-te expertizei mele pentru a te ghida f\u0103r\u0103 probleme prin complexitatea admiterii \u00een \u00eenv\u0103\u021b\u0103m\u00e2ntul superior \u0219i \u00eencepe c\u0103l\u0103toria ta academic\u0103 cu \u00eencredere.<\/p>\n<\/div><div ><a class=\"fusion-button button-flat fusion-button-default-size button-custom fusion-button-default button-1 fusion-button-default-span fusion-button-default-type\" style=\"--button_accent_color:#f2f2f2;--button_border_color:var(--awb-color8);--button_accent_hover_color:var(--awb-color2);--button_border_hover_color:var(--awb-color1);--button_border_width-top:2px;--button_border_width-right:2px;--button_border_width-bottom:2px;--button_border_width-left:2px;--button_gradient_top_color:var(--awb-color5);--button_gradient_bottom_color:var(--awb-color5);--button_gradient_top_color_hover:hsla(var(--awb-color5-h),var(--awb-color5-s),calc(var(--awb-color5-l) - 8%),var(--awb-color5-a));--button_gradient_bottom_color_hover:hsla(var(--awb-color5-h),var(--awb-color5-s),calc(var(--awb-color5-l) - 8%),var(--awb-color5-a));--button_margin-top:16px;--button_margin-bottom:40px;\" target=\"_self\" href=\"#awb-open-oc__3128\"><span class=\"fusion-button-text\">Cere Un Sfat<\/span><\/a><\/div><ul style=\"--awb-iconcolor:var(--awb-color5);--awb-line-height:34px;--awb-icon-width:34px;--awb-icon-height:34px;--awb-icon-margin:14px;--awb-content-margin:48px;\" class=\"fusion-checklist fusion-checklist-1 fusion-checklist-default type-icons\"><li class=\"fusion-li-item\" style=\"\"><span class=\"icon-wrapper circle-no\"><i class=\"fusion-li-icon icon-mkb-check-circle-solid\" aria-hidden=\"true\"><\/i><\/span><div class=\"fusion-li-item-content\">\u00cendrumare corect\u0103<\/div><\/li><li class=\"fusion-li-item\" style=\"\"><span class=\"icon-wrapper circle-no\"><i class=\"fusion-li-icon icon-mkb-check-circle-solid\" aria-hidden=\"true\"><\/i><\/span><div class=\"fusion-li-item-content\">Finan\u0163are<\/div><\/li><li class=\"fusion-li-item\" style=\"\"><span class=\"icon-wrapper circle-no\"><i class=\"fusion-li-icon icon-mkb-check-circle-solid\" aria-hidden=\"true\"><\/i><\/span><div class=\"fusion-li-item-content\">Suport continuu<\/div><\/li><\/ul><\/div><\/div><\/div><\/div>","protected":false},"excerpt":{"rendered":"","protected":false},"author":1,"featured_media":0,"parent":0,"menu_order":0,"comment_status":"closed","ping_status":"closed","template":"100-width.php","meta":{"footnotes":""},"class_list":["post-399","page","type-page","status-publish","hentry"],"_links":{"self":[{"href":"https:\/\/www.youreducationadviser.co.uk\/ro\/wp-json\/wp\/v2\/pages\/399","targetHints":{"allow":["GET"]}}],"collection":[{"href":"https:\/\/www.youreducationadviser.co.uk\/ro\/wp-json\/wp\/v2\/pages"}],"about":[{"href":"https:\/\/www.youreducationadviser.co.uk\/ro\/wp-json\/wp\/v2\/types\/page"}],"author":[{"embeddable":true,"href":"https:\/\/www.youreducationadviser.co.uk\/ro\/wp-json\/wp\/v2\/users\/1"}],"replies":[{"embeddable":true,"href":"https:\/\/www.youreducationadviser.co.uk\/ro\/wp-json\/wp\/v2\/comments?post=399"}],"version-history":[{"count":43,"href":"https:\/\/www.youreducationadviser.co.uk\/ro\/wp-json\/wp\/v2\/pages\/399\/revisions"}],"predecessor-version":[{"id":3352,"href":"https:\/\/www.youreducationadviser.co.uk\/ro\/wp-json\/wp\/v2\/pages\/399\/revisions\/3352"}],"wp:attachment":[{"href":"https:\/\/www.youreducationadviser.co.uk\/ro\/wp-json\/wp\/v2\/media?parent=399"}],"curies":[{"name":"wp","href":"https:\/\/api.w.org\/{rel}","templated":true}]}}